{"id":22,"date":"2026-03-05T09:30:42","date_gmt":"2026-03-05T09:30:42","guid":{"rendered":"https:\/\/peluqueriacarmenaragones.es\/?page_id=22"},"modified":"2026-03-19T10:43:19","modified_gmt":"2026-03-19T10:43:19","slug":"home","status":"publish","type":"page","link":"https:\/\/peluqueriacarmenaragones.es\/en\/","title":{"rendered":"Home"},"content":{"rendered":"<div data-elementor-type=\"wp-page\" data-elementor-id=\"22\" class=\"elementor elementor-22\" data-elementor-post-type=\"page\">\n\t\t\t\t<div class=\"elementor-element elementor-element-6c790fe2 e-flex e-con-boxed e-con e-parent\" data-id=\"6c790fe2\" data-element_type=\"container\" data-e-type=\"container\" data-settings=\"{&quot;background_background&quot;:&quot;classic&quot;}\">\n\t\t\t\t\t<div class=\"e-con-inner\">\n\t\t\t\t<div class=\"elementor-element elementor-element-2e22dce9 animated-slow elementor-invisible elementor-widget elementor-widget-heading\" data-id=\"2e22dce9\" data-element_type=\"widget\" data-e-type=\"widget\" data-settings=\"{&quot;_animation&quot;:&quot;slideInUp&quot;}\" data-widget_type=\"heading.default\">\n\t\t\t\t\t<h1 class=\"elementor-heading-title elementor-size-default\">Carmen Aragon\u00e9s Hair Salon<\/h1>\t\t\t\t<\/div>\n\t\t\t\t<div class=\"elementor-element elementor-element-f889fc1 animated-slow elementor-invisible elementor-widget elementor-widget-heading\" data-id=\"f889fc1\" data-element_type=\"widget\" data-e-type=\"widget\" data-settings=\"{&quot;_animation&quot;:&quot;slideInUp&quot;}\" data-widget_type=\"heading.default\">\n\t\t\t\t\t<h2 class=\"elementor-heading-title elementor-size-default\">Your trusted hairdresser<br> in San Fernando<\/h2>\t\t\t\t<\/div>\n\t\t\t\t\t<\/div>\n\t\t\t\t<\/div>\n\t\t<div class=\"elementor-element elementor-element-95fb237 e-flex e-con-boxed e-con e-parent\" data-id=\"95fb237\" data-element_type=\"container\" data-e-type=\"container\" data-settings=\"{&quot;background_background&quot;:&quot;classic&quot;}\">\n\t\t\t\t\t<div class=\"e-con-inner\">\n\t\t\t\t<div class=\"elementor-element elementor-element-2b6b2b95 elementor-widget elementor-widget-image-box\" data-id=\"2b6b2b95\" data-element_type=\"widget\" data-e-type=\"widget\" data-widget_type=\"image-box.default\">\n\t\t\t\t\t<div class=\"elementor-image-box-wrapper\"><div class=\"elementor-image-box-content\"><h3 class=\"elementor-image-box-title\">Years taking care of your image<\/h3><p class=\"elementor-image-box-description\">Years taking care of your image<\/p><\/div><\/div>\t\t\t\t<\/div>\n\t\t\t\t\t<\/div>\n\t\t\t\t<\/div>\n\t\t<div class=\"elementor-element elementor-element-87249eb e-flex e-con-boxed e-con e-parent\" data-id=\"87249eb\" data-element_type=\"container\" data-e-type=\"container\" data-settings=\"{&quot;background_background&quot;:&quot;classic&quot;}\">\n\t\t\t\t\t<div class=\"e-con-inner\">\n\t\t\t\t<div class=\"elementor-element elementor-element-b7ef4ae elementor-widget elementor-widget-text-editor\" data-id=\"b7ef4ae\" data-element_type=\"widget\" data-e-type=\"widget\" data-widget_type=\"text-editor.default\">\n\t\t\t\t\t\t\t\t\t<p data-start=\"491\" data-end=\"634\">We work on each look in a personalized way, listening to your needs and advising you so that you leave feeling confident, renewed and radiant.<\/p><p data-start=\"636\" data-end=\"777\">\ud83d\udd39 Color specialists<br data-start=\"661\" data-end=\"664\" \/>\ud83d\udd39 Modern and classic cuts<br data-start=\"693\" data-end=\"696\" \/>\ud83d\udd39 Hairstyles and updos for events<br data-start=\"732\" data-end=\"735\" \/>\ud83d\udd39 Personalized hair treatments<\/p><p data-start=\"779\" data-end=\"851\">\ud83d\udccd We are in San Fernando (Cadiz)<br data-start=\"813\" data-end=\"816\" \/>\ud83d\udcde Book your appointment and let yourself be pampered<\/p>\t\t\t\t\t\t\t\t<\/div>\n\t\t\t\t\t<\/div>\n\t\t\t\t<\/div>\n\t\t<div class=\"elementor-element elementor-element-542b0d80 e-flex e-con-boxed e-con e-parent\" data-id=\"542b0d80\" data-element_type=\"container\" data-e-type=\"container\" data-settings=\"{&quot;background_background&quot;:&quot;classic&quot;}\">\n\t\t\t\t\t<div class=\"e-con-inner\">\n\t\t<div class=\"elementor-element elementor-element-27709dda e-con-full e-flex e-con e-child\" data-id=\"27709dda\" data-element_type=\"container\" data-e-type=\"container\">\n\t\t\t\t<div class=\"elementor-element elementor-element-6ae3ca05 elementor-widget elementor-widget-text-editor\" data-id=\"6ae3ca05\" data-element_type=\"widget\" data-e-type=\"widget\" data-widget_type=\"text-editor.default\">\n\t\t\t\t\t\t\t\t\t<p>In our hair salon, three stylists passionate about beauty and hair care work together, committed to offering personalized, high-quality service. We perform all types of cuts, coloring, highlights, and treatments, always adapting to each client's needs.<br \/>We are characterized by the use of products that respect the scalp and hair fiber, working with vegan hair cosmetic lines formulated with a high percentage of ingredients of natural and biological origin.<br \/>We specialize in botanical straightening treatments, a healthier and more respectful alternative, with natural and long-lasting results.<br \/>We believe in continuous training as the foundation of our work, which is why we are always learning new techniques and following the latest trends to offer the best to every person who trusts us.<br \/>Our goal is for you to feel good, taking care of your hair in a conscious, professional and modern way.<\/p>\t\t\t\t\t\t\t\t<\/div>\n\t\t\t\t<\/div>\n\t\t\t\t<div class=\"elementor-element elementor-element-c158d39 elementor-widget elementor-widget-image\" data-id=\"c158d39\" data-element_type=\"widget\" data-e-type=\"widget\" data-widget_type=\"image.default\">\n\t\t\t\t\t\t\t\t\t\t\t\t\t\t\t<img fetchpriority=\"high\" decoding=\"async\" width=\"800\" height=\"800\" src=\"https:\/\/peluqueriacarmenaragones.es\/wp-content\/uploads\/2026\/03\/589577055_17956225653013984_2755762586506670172_n-1024x1024.webp\" class=\"attachment-large size-large wp-image-162\" alt=\"\" srcset=\"https:\/\/peluqueriacarmenaragones.es\/wp-content\/uploads\/2026\/03\/589577055_17956225653013984_2755762586506670172_n-1024x1024.webp 1024w, https:\/\/peluqueriacarmenaragones.es\/wp-content\/uploads\/2026\/03\/589577055_17956225653013984_2755762586506670172_n-300x300.webp 300w, https:\/\/peluqueriacarmenaragones.es\/wp-content\/uploads\/2026\/03\/589577055_17956225653013984_2755762586506670172_n-150x150.webp 150w, https:\/\/peluqueriacarmenaragones.es\/wp-content\/uploads\/2026\/03\/589577055_17956225653013984_2755762586506670172_n-768x768.webp 768w, https:\/\/peluqueriacarmenaragones.es\/wp-content\/uploads\/2026\/03\/589577055_17956225653013984_2755762586506670172_n.webp 1440w\" sizes=\"(max-width: 800px) 100vw, 800px\" \/>\t\t\t\t\t\t\t\t\t\t\t\t\t\t\t<\/div>\n\t\t\t\t\t<\/div>\n\t\t\t\t<\/div>\n\t\t\t\t<\/div>","protected":false},"excerpt":{"rendered":"<p>Peluquer\u00eda Carmen Aragon\u00e9s Tu peluquer\u00eda de confianza en San Fernando A\u00f1os cuidando tu im\u00e1gen En Peluquer\u00eda Carmen Aragon\u00e9s llevamos a\u00f1os cuidando la imagen y el bienestar de nuestros clientes en San Fernando. Nuestro sal\u00f3n es un espacio acogedor donde la experiencia, la cercan\u00eda y la pasi\u00f3n por la belleza se unen para ofrecer resultados que [&hellip;]<\/p>\n","protected":false},"author":1,"featured_media":0,"parent":0,"menu_order":0,"comment_status":"closed","ping_status":"closed","template":"","meta":{"footnotes":""},"class_list":["post-22","page","type-page","status-publish","hentry"],"_links":{"self":[{"href":"https:\/\/peluqueriacarmenaragones.es\/en\/wp-json\/wp\/v2\/pages\/22","targetHints":{"allow":["GET"]}}],"collection":[{"href":"https:\/\/peluqueriacarmenaragones.es\/en\/wp-json\/wp\/v2\/pages"}],"about":[{"href":"https:\/\/peluqueriacarmenaragones.es\/en\/wp-json\/wp\/v2\/types\/page"}],"author":[{"embeddable":true,"href":"https:\/\/peluqueriacarmenaragones.es\/en\/wp-json\/wp\/v2\/users\/1"}],"replies":[{"embeddable":true,"href":"https:\/\/peluqueriacarmenaragones.es\/en\/wp-json\/wp\/v2\/comments?post=22"}],"version-history":[{"count":46,"href":"https:\/\/peluqueriacarmenaragones.es\/en\/wp-json\/wp\/v2\/pages\/22\/revisions"}],"predecessor-version":[{"id":218,"href":"https:\/\/peluqueriacarmenaragones.es\/en\/wp-json\/wp\/v2\/pages\/22\/revisions\/218"}],"wp:attachment":[{"href":"https:\/\/peluqueriacarmenaragones.es\/en\/wp-json\/wp\/v2\/media?parent=22"}],"curies":[{"name":"wp","href":"https:\/\/api.w.org\/{rel}","templated":true}]}}